{"id":36090,"date":"2024-08-14T22:13:26","date_gmt":"2024-08-14T22:13:26","guid":{"rendered":"https:\/\/www.climberbc.com\/product\/gri-kapsonlu-kislik-mont\/"},"modified":"2024-08-14T22:13:26","modified_gmt":"2024-08-14T22:13:26","slug":"gri-kapsonlu-kislik-mont","status":"publish","type":"product","link":"https:\/\/www.climberbc.com\/ru\/product\/gri-kapsonlu-kislik-mont\/","title":{"rendered":"Gri Kap\u015fonlu K\u0131\u015fl\u0131k Mont"},"content":{"rendered":"","protected":false},"excerpt":{"rendered":"<p>Hem \u015f\u0131kl\u0131k hem de so\u011fuk havalara kar\u015f\u0131 koruma sunan gri kap\u015fonlu mont, modern erke\u011fin gard\u0131robunda olmazsa olmaz bir par\u00e7a. Suya dayan\u0131kl\u0131 d\u0131\u015f kuma\u015f\u0131 sayesinde ya\u011fmurlu g\u00fcnlerde g\u00fcvenle tercih edilebilir. \u0130\u00e7 k\u0131sm\u0131ndaki yumu\u015fak astar maksimum konfor sa\u011flarken, kap\u015fon detay\u0131 sizi so\u011fuktan korumaya yard\u0131mc\u0131 olur. G\u00fcnl\u00fck kombinlerinize hem spor hem de \u015f\u0131k bir dokunu\u015f katacak bu mont, stilinizi \u00f6n plana \u00e7\u0131karmak i\u00e7in m\u00fckemmel bir se\u00e7enek.   <\/p>","protected":false},"featured_media":29841,"template":"","meta":[],"product_brand":[],"product_cat":[418],"product_tag":[],"class_list":{"0":"post-36090","1":"product","2":"type-product","3":"status-publish","4":"has-post-thumbnail","6":"product_cat-palto","8":"first","9":"instock","10":"product-type-simple"},"_links":{"self":[{"href":"https:\/\/www.climberbc.com\/ru\/wp-json\/wp\/v2\/product\/36090","targetHints":{"allow":["GET"]}}],"collection":[{"href":"https:\/\/www.climberbc.com\/ru\/wp-json\/wp\/v2\/product"}],"about":[{"href":"https:\/\/www.climberbc.com\/ru\/wp-json\/wp\/v2\/types\/product"}],"version-history":[{"count":0,"href":"https:\/\/www.climberbc.com\/ru\/wp-json\/wp\/v2\/product\/36090\/revisions"}],"wp:featuredmedia":[{"embeddable":true,"href":"https:\/\/www.climberbc.com\/ru\/wp-json\/wp\/v2\/media\/29841"}],"wp:attachment":[{"href":"https:\/\/www.climberbc.com\/ru\/wp-json\/wp\/v2\/media?parent=36090"}],"wp:term":[{"taxonomy":"product_brand","embeddable":true,"href":"https:\/\/www.climberbc.com\/ru\/wp-json\/wp\/v2\/product_brand?post=36090"},{"taxonomy":"product_cat","embeddable":true,"href":"https:\/\/www.climberbc.com\/ru\/wp-json\/wp\/v2\/product_cat?post=36090"},{"taxonomy":"product_tag","embeddable":true,"href":"https:\/\/www.climberbc.com\/ru\/wp-json\/wp\/v2\/product_tag?post=36090"}],"curies":[{"name":"WP","href":"https:\/\/api.w.org\/{rel}","templated":true}]}}