{"id":36094,"date":"2024-08-14T22:15:35","date_gmt":"2024-08-14T22:15:35","guid":{"rendered":"https:\/\/www.climberbc.com\/product\/bej-kadife-gunluk-ceket\/"},"modified":"2024-08-14T22:15:35","modified_gmt":"2024-08-14T22:15:35","slug":"bej-kadife-gunluk-ceket","status":"publish","type":"product","link":"https:\/\/www.climberbc.com\/ru\/product\/bej-kadife-gunluk-ceket\/","title":{"rendered":"Bej Kadife G\u00fcnl\u00fck Ceket"},"content":{"rendered":"<p><strong>Y\u0131kama Talimatlar\u0131:<\/strong> \u041c\u0430\u043a\u0441\u0438\u043c\u0443\u043c 30\u00b0 C&#039;de y\u0131kay\u0131n\u0131z. \u041a\u043b\u043e\u0440 \u0438\u043b\u0435 \u0430\u0433\u0430\u0440\u0442\u043c\u0430\u0439\u044b\u043d\u0438\u0437. \u0422\u0430\u043c\u0431\u0443\u0440\u0434\u0430 \u043a\u0443\u0440\u0443\u0442\u043c\u0430\u0439\u044b\u043d. Il\u0131k \u0131s\u0131da \u00fct\u00fcleme. \u041a\u0443\u0440\u0443 \u0442\u0435\u043c\u0438\u0437\u043b\u0435\u043c\u0435. \u0419\u0438\u043a\u0430\u043c\u0430\u043a i\u00e7in ters chevirin. Benzer renklerle y\u0131kay\u0131n.<\/p>","protected":false},"excerpt":{"rendered":"<p>\u041a\u0430\u0434\u0438\u0444\u0435 \u0434\u043e\u043a\u0443\u0441\u0443 \u0432\u0435 \u044e\u043c\u0443\u0448\u0430\u043a \u0442\u043e\u043d\u0443\u0439\u043b\u0430 \u0431\u0435\u0439 \u0447\u0435\u043a\u0435\u0442, \u0440\u0430\u0445\u0430\u0442 \u0432\u0435 \u0448\u0438\u043a \u0431\u0438\u0440 \u0433\u043e\u0440\u044e\u043d\u0443\u043c \u0430\u0440\u0430\u0439\u044f\u043d\u043b\u0430\u0440 \u0438\u0447\u0438\u043d \u043c\u044e\u043a\u0435\u043c\u043c\u0435\u043b\u044c \u0431\u0438\u0440 \u0441\u0435\u043a\u0438\u043c.<br \/>\nOn k\u0131sm\u0131nda bulunan geni\u015f cepler pratiklik sunarken cekete Contemporary bir dokunu\u015f kat\u0131yor.<br \/>\n\u0425\u0430\u0444\u0438\u0444 \u0441\u043a\u0430\u0437\u0430\u043b, \u0447\u0442\u043e \u043e\u043d \u043c\u043e\u0436\u0435\u0442 \u0441\u0434\u0435\u043b\u0430\u0442\u044c \u044d\u0442\u043e, \u043d\u043e \u043e\u043d \u043c\u043e\u0436\u0435\u0442 \u0441\u0442\u0438\u043b\u0438\u0437\u043e\u0432\u0430\u0442\u044c \u0448\u044b\u043a\u043b\u044b\u043a \u043a\u0430\u0442\u0430\u0447\u0430\u043a.<br \/>\n\u0416\u0430\u043d-\u044f-\u0434\u0430-\u043a\u0438\u0442\u0430\u0439 \u043f\u0430\u043d\u0442\u043e\u043b\u043e\u043d\u043b\u0430\u0440\u043b\u0430 \u043a\u043e\u043c\u0431\u0438\u043d\u043b\u0435\u0439\u0435\u0440\u0435\u043a \u015f\u0131kl\u0131\u011f\u0131n\u0131z\u0131 tamamlayabilirsiniz.<br \/>\nGard\u0131robunuzun vazge\u00e7ilmezi olacak bu klasik ve \u015f\u0131k ceket ile her ortamda g\u00f6z al\u0131c\u0131 bir ifade yarat\u0131n.    <\/p>","protected":false},"featured_media":29861,"template":"","meta":[],"product_brand":[],"product_cat":[507,416],"product_tag":[],"class_list":{"0":"post-36094","1":"product","2":"type-product","3":"status-publish","4":"has-post-thumbnail","6":"product_cat-gunluk-ceket","7":"product_cat-ceket","9":"first","10":"instock","11":"product-type-simple"},"_links":{"self":[{"href":"https:\/\/www.climberbc.com\/ru\/wp-json\/wp\/v2\/product\/36094","targetHints":{"allow":["GET"]}}],"collection":[{"href":"https:\/\/www.climberbc.com\/ru\/wp-json\/wp\/v2\/product"}],"about":[{"href":"https:\/\/www.climberbc.com\/ru\/wp-json\/wp\/v2\/types\/product"}],"version-history":[{"count":0,"href":"https:\/\/www.climberbc.com\/ru\/wp-json\/wp\/v2\/product\/36094\/revisions"}],"wp:featuredmedia":[{"embeddable":true,"href":"https:\/\/www.climberbc.com\/ru\/wp-json\/wp\/v2\/media\/29861"}],"wp:attachment":[{"href":"https:\/\/www.climberbc.com\/ru\/wp-json\/wp\/v2\/media?parent=36094"}],"wp:term":[{"taxonomy":"product_brand","embeddable":true,"href":"https:\/\/www.climberbc.com\/ru\/wp-json\/wp\/v2\/product_brand?post=36094"},{"taxonomy":"product_cat","embeddable":true,"href":"https:\/\/www.climberbc.com\/ru\/wp-json\/wp\/v2\/product_cat?post=36094"},{"taxonomy":"product_tag","embeddable":true,"href":"https:\/\/www.climberbc.com\/ru\/wp-json\/wp\/v2\/product_tag?post=36094"}],"curies":[{"name":"WP","href":"https:\/\/api.w.org\/{rel}","templated":true}]}}