{"id":36103,"date":"2024-08-14T22:22:46","date_gmt":"2024-08-14T22:22:46","guid":{"rendered":"https:\/\/www.climberbc.com\/product\/lacivert-klasik-yun-kaban\/"},"modified":"2024-08-14T22:22:46","modified_gmt":"2024-08-14T22:22:46","slug":"lacivert-klasik-yun-kaban","status":"publish","type":"product","link":"https:\/\/www.climberbc.com\/ru\/product\/lacivert-klasik-yun-kaban\/","title":{"rendered":"Lacivert Klasik Y\u00fcn Kaban"},"content":{"rendered":"<p><strong>Y\u0131kama Talimatlar\u0131:<\/strong> \u0419\u044b\u043a\u0430\u043c\u0430\u0439\u044b\u043d \u041a\u043b\u043e\u0440 \u0438\u043b\u0435 \u0430\u0433\u0430\u0440\u0442\u043c\u0430\u0439\u043d. \u0422\u0430\u043c\u0431\u0443\u0440\u0434\u0430 \u043a\u0443\u0440\u0443\u0442\u043c\u0430\u0439\u044b\u043d. Il\u0131k \u0131s\u0131da \u00fct\u00fcleme Sadece hassas kuru temizleme Kuru D\u00fcz.<\/p>","protected":false},"excerpt":{"rendered":"<p>\u041f\u043e\u0441\u043b\u0435 \u044d\u0442\u043e\u0433\u043e \u0432\u044b \u0441\u043c\u043e\u0436\u0435\u0442\u0435 \u043f\u0440\u043e\u0439\u0442\u0438 \u043a\u043e\u043d\u0444\u0435\u0440\u0435\u043d\u0446\u0438\u044e \u043f\u043e \u043a\u043b\u0430\u0441\u0441\u0438\u0447\u0435\u0441\u043a\u043e\u043c\u0443 \u043f\u0430\u0440\u043a\u0443: Lacivert kasmir kaban.<br \/>\nY\u00fcn ka\u015fmir kuma\u015f\u0131sayesinde sizi s\u0131cac\u0131k tutarken, \u0441\u043e\u0432\u0440\u0435\u043c\u0435\u043d\u043d\u043e\u0435 kesimiyle her kombine kolayca uyum sa\u011fl\u0131yor.<br \/>\n\u0417\u0430\u0442\u0435\u043c \u0432\u044b \u0434\u043e\u043b\u0436\u043d\u044b \u043e\u0442\u0432\u0435\u0442\u0438\u0442\u044c, \u0430 \u0437\u0430\u0442\u0435\u043c \u043f\u043e\u0434\u0440\u043e\u0431\u043d\u043e \u0440\u0430\u0441\u0441\u043a\u0430\u0437\u0430\u0442\u044c, \u043a\u0430\u043a \u044d\u0442\u043e \u0441\u0434\u0435\u043b\u0430\u0442\u044c, \u0438 \u0437\u0430\u0442\u0435\u043c \u0441\u043d\u043e\u0432\u0430 \u0432\u0435\u0440\u043d\u0443\u0442\u044c\u0441\u044f \u0432 \u0441\u0442\u0440\u0430\u043d\u0443.<br \/>\n\u042d\u0442\u043e \u043a\u043b\u0430\u0441\u0441\u0438\u0447\u0435\u0441\u043a\u0430\u044f \u043f\u0430\u043d\u0442\u043e\u043b\u043e\u043d\u043b\u0430\u0440\u043b\u0430, \u044d\u0442\u043e \u043a\u043e\u043c\u0431\u0438\u043d\u0430\u0446\u0438\u044f \u043a\u043e\u043c\u0431\u0438\u043d\u0430\u0446\u0438\u0439, \u043a\u043e\u0442\u043e\u0440\u044b\u0435 \u0432\u044b \u043c\u043e\u0436\u0435\u0442\u0435 \u043d\u043e\u0441\u0438\u0442\u044c, \u0433\u0430\u0440\u0434\u044b\u0440\u043e\u0431\u0443\u043d\u0443\u0437\u0443\u043d \u0438 \u0438\u0434\u0434\u0438\u0430\u043b\u044b \u043d\u0430 \u043a\u0430\u0436\u0434\u044b\u0439 \u0434\u0435\u043d\u044c!   <\/p>","protected":false},"featured_media":29996,"template":"","meta":[],"product_brand":[],"product_cat":[418],"product_tag":[],"class_list":{"0":"post-36103","1":"product","2":"type-product","3":"status-publish","4":"has-post-thumbnail","6":"product_cat-palto","8":"first","9":"instock","10":"product-type-simple"},"_links":{"self":[{"href":"https:\/\/www.climberbc.com\/ru\/wp-json\/wp\/v2\/product\/36103","targetHints":{"allow":["GET"]}}],"collection":[{"href":"https:\/\/www.climberbc.com\/ru\/wp-json\/wp\/v2\/product"}],"about":[{"href":"https:\/\/www.climberbc.com\/ru\/wp-json\/wp\/v2\/types\/product"}],"version-history":[{"count":0,"href":"https:\/\/www.climberbc.com\/ru\/wp-json\/wp\/v2\/product\/36103\/revisions"}],"wp:featuredmedia":[{"embeddable":true,"href":"https:\/\/www.climberbc.com\/ru\/wp-json\/wp\/v2\/media\/29996"}],"wp:attachment":[{"href":"https:\/\/www.climberbc.com\/ru\/wp-json\/wp\/v2\/media?parent=36103"}],"wp:term":[{"taxonomy":"product_brand","embeddable":true,"href":"https:\/\/www.climberbc.com\/ru\/wp-json\/wp\/v2\/product_brand?post=36103"},{"taxonomy":"product_cat","embeddable":true,"href":"https:\/\/www.climberbc.com\/ru\/wp-json\/wp\/v2\/product_cat?post=36103"},{"taxonomy":"product_tag","embeddable":true,"href":"https:\/\/www.climberbc.com\/ru\/wp-json\/wp\/v2\/product_tag?post=36103"}],"curies":[{"name":"WP","href":"https:\/\/api.w.org\/{rel}","templated":true}]}}