{"id":36106,"date":"2024-08-14T22:22:46","date_gmt":"2024-08-14T22:22:46","guid":{"rendered":"https:\/\/www.climberbc.com\/product\/bej-klasik-trenckot\/"},"modified":"2024-08-14T22:22:46","modified_gmt":"2024-08-14T22:22:46","slug":"bej-klasik-trenckot","status":"publish","type":"product","link":"https:\/\/www.climberbc.com\/ru\/product\/bej-klasik-trenckot\/","title":{"rendered":"Bej Klasik Tren\u00e7kot"},"content":{"rendered":"<p><strong>Y\u0131kama Talimatlar\u0131:<\/strong> \u0419\u044b\u043a\u0430\u043c\u0430\u0439\u044b\u043d \u041a\u043b\u043e\u0440 \u0438\u043b\u0435 \u0430\u0433\u0430\u0440\u0442\u043c\u0430\u0439\u043d.<br \/>\nTamburlu kurutma yapmay\u0131n.<br \/>\nD\u00fc\u015f\u00fck \u0131s\u0131da \u00fct\u00fcleme Kuru temizleme.  <\/p>","protected":false},"excerpt":{"rendered":"<p>Hem klasik hem de zamans\u0131z bir stil sunan bej tren\u00e7kot, her erke\u011fin gard\u0131robunda bulunmas\u0131 gereken bir par\u00e7a.<br \/>\nSu ge\u00e7irmez yap\u0131s\u0131 ve r\u00fczgar korumal\u0131 d\u00fc\u011fmeli tasar\u0131m\u0131 sayesinde her mevsim rahatl\u0131kla tercih edilebilir.<br \/>\nGeni\u015f yaka, bel ve bilek detaylar\u0131 hareket \u00f6zg\u00fcrl\u00fc\u011f\u00fc sa\u011flarken, zarif kesimiyle i\u015f hayat\u0131ndan g\u00fcnl\u00fck kullan\u0131ma kadar her ortamda \u015f\u0131k bir g\u00f6r\u00fcn\u00fcm sunuyor.<br \/>\n\u0130ster tak\u0131m elbiselerle kombinleyin, ister sportif \u015f\u0131kl\u0131\u011fa uyarlay\u0131n; bu tren\u00e7kot her kombini m\u00fckemmel bir \u015fekilde tamaml\u0131yor!   <\/p>","protected":false},"featured_media":30019,"template":"","meta":[],"product_brand":[],"product_cat":[930],"product_tag":[],"class_list":{"0":"post-36106","1":"product","2":"type-product","3":"status-publish","4":"has-post-thumbnail","6":"product_cat-trenckot","8":"first","9":"instock","10":"product-type-simple"},"_links":{"self":[{"href":"https:\/\/www.climberbc.com\/ru\/wp-json\/wp\/v2\/product\/36106","targetHints":{"allow":["GET"]}}],"collection":[{"href":"https:\/\/www.climberbc.com\/ru\/wp-json\/wp\/v2\/product"}],"about":[{"href":"https:\/\/www.climberbc.com\/ru\/wp-json\/wp\/v2\/types\/product"}],"version-history":[{"count":0,"href":"https:\/\/www.climberbc.com\/ru\/wp-json\/wp\/v2\/product\/36106\/revisions"}],"wp:featuredmedia":[{"embeddable":true,"href":"https:\/\/www.climberbc.com\/ru\/wp-json\/wp\/v2\/media\/30019"}],"wp:attachment":[{"href":"https:\/\/www.climberbc.com\/ru\/wp-json\/wp\/v2\/media?parent=36106"}],"wp:term":[{"taxonomy":"product_brand","embeddable":true,"href":"https:\/\/www.climberbc.com\/ru\/wp-json\/wp\/v2\/product_brand?post=36106"},{"taxonomy":"product_cat","embeddable":true,"href":"https:\/\/www.climberbc.com\/ru\/wp-json\/wp\/v2\/product_cat?post=36106"},{"taxonomy":"product_tag","embeddable":true,"href":"https:\/\/www.climberbc.com\/ru\/wp-json\/wp\/v2\/product_tag?post=36106"}],"curies":[{"name":"WP","href":"https:\/\/api.w.org\/{rel}","templated":true}]}}