{"id":38948,"date":"2024-10-01T12:11:05","date_gmt":"2024-10-01T12:11:05","guid":{"rendered":"https:\/\/www.climberbc.com\/product\/%d0%bf%d0%be%d1%81%d1%82%d0%b5%d0%bb%d1%8c%d0%bd%d0%be%d0%b5-%d0%b1%d0%b5%d0%bb%d1%8c%d0%b5-kisa-kollu-spor-gomlek-3\/"},"modified":"2024-10-01T12:27:31","modified_gmt":"2024-10-01T12:27:31","slug":"%d0%bf%d0%be%d1%81%d1%82%d0%b5%d0%bb%d1%8c%d0%bd%d0%be%d0%b5-%d0%b1%d0%b5%d0%bb%d1%8c%d0%b5-kisa-kollu-spor-gomlek-3","status":"publish","type":"product","link":"https:\/\/www.climberbc.com\/ru\/product\/%d0%bf%d0%be%d1%81%d1%82%d0%b5%d0%bb%d1%8c%d0%bd%d0%be%d0%b5-%d0%b1%d0%b5%d0%bb%d1%8c%d0%b5-kisa-kollu-spor-gomlek-3\/","title":{"rendered":"\u041f\u043e\u0441\u0442\u0435\u043b\u044c\u043d\u043e\u0435 \u0431\u0435\u043b\u044c\u0435 K\u0131sa Kollu Spor G\u00f6mlek"},"content":{"rendered":"<p>Y\u0131kama Talimat\u0131:<\/p>","protected":false},"excerpt":{"rendered":"<p>Y\u0131kama Talimat\u0131:<\/p>","protected":false},"featured_media":38950,"template":"","meta":[],"product_brand":[],"product_cat":[976,978,977],"product_tag":[],"class_list":{"0":"post-38948","1":"product","2":"type-product","3":"status-publish","4":"has-post-thumbnail","6":"product_cat-976","7":"product_cat-978","8":"product_cat-977","10":"first","11":"instock","12":"product-type-simple"},"_links":{"self":[{"href":"https:\/\/www.climberbc.com\/ru\/wp-json\/wp\/v2\/product\/38948","targetHints":{"allow":["GET"]}}],"collection":[{"href":"https:\/\/www.climberbc.com\/ru\/wp-json\/wp\/v2\/product"}],"about":[{"href":"https:\/\/www.climberbc.com\/ru\/wp-json\/wp\/v2\/types\/product"}],"version-history":[{"count":0,"href":"https:\/\/www.climberbc.com\/ru\/wp-json\/wp\/v2\/product\/38948\/revisions"}],"wp:featuredmedia":[{"embeddable":true,"href":"https:\/\/www.climberbc.com\/ru\/wp-json\/wp\/v2\/media\/38950"}],"wp:attachment":[{"href":"https:\/\/www.climberbc.com\/ru\/wp-json\/wp\/v2\/media?parent=38948"}],"wp:term":[{"taxonomy":"product_brand","embeddable":true,"href":"https:\/\/www.climberbc.com\/ru\/wp-json\/wp\/v2\/product_brand?post=38948"},{"taxonomy":"product_cat","embeddable":true,"href":"https:\/\/www.climberbc.com\/ru\/wp-json\/wp\/v2\/product_cat?post=38948"},{"taxonomy":"product_tag","embeddable":true,"href":"https:\/\/www.climberbc.com\/ru\/wp-json\/wp\/v2\/product_tag?post=38948"}],"curies":[{"name":"WP","href":"https:\/\/api.w.org\/{rel}","templated":true}]}}