{"id":48905,"date":"2025-04-09T12:19:51","date_gmt":"2025-04-09T12:19:51","guid":{"rendered":"https:\/\/www.climberbc.com\/product\/black-suede-transition-detailed-leather-coat\/"},"modified":"2025-11-04T09:47:56","modified_gmt":"2025-11-04T09:47:56","slug":"black-suede-transition-detailed-leather-coat","status":"publish","type":"product","link":"https:\/\/www.climberbc.com\/ru\/product\/black-suede-transition-detailed-leather-coat\/","title":{"rendered":"\u041f\u0430\u043b\u044c\u0442\u043e \u0438\u0437 \u0447\u0435\u0440\u043d\u043e\u0439 \u0437\u0430\u043c\u0448\u0438 \u0441 \u0434\u0435\u0442\u0430\u043b\u044c\u043d\u043e\u0439 \u043e\u0442\u0434\u0435\u043b\u043a\u043e\u0439"},"content":{"rendered":"<p><span style=\"vertical-align: inherit;\"><span style=\"vertical-align: inherit;\"><span style=\"vertical-align: inherit;\"><span style=\"vertical-align: inherit;\">%100 DER\u0130<\/span><\/span><\/span><\/span><\/p>","protected":false},"excerpt":{"rendered":"<p><span style=\"vertical-align: inherit;\"><span style=\"vertical-align: inherit;\"><span style=\"vertical-align: inherit;\"><span style=\"vertical-align: inherit;\">\u041a\u043b\u0430\u0441\u0438\u043a \u0417\u0430\u0440\u0430\u0444\u0435\u0442\u0438\u043d \u0413\u044e\u0434\u0436\u044e: \u0421\u0438\u044f \u0414\u0435\u0440\u0438 \u0427\u0435\u043a\u0435\u0442<\/span><\/span><\/span><\/span><\/p>\n<p><span style=\"vertical-align: inherit;\"><span style=\"vertical-align: inherit;\"><span style=\"vertical-align: inherit;\"><span style=\"vertical-align: inherit;\">\u0421\u043e\u0432\u0440\u0435\u043c\u0435\u043d\u043d\u0430\u044f \u044d\u0440\u043a\u0435\u0433\u0438\u043d Gard\u0131robunun vazge\u00e7ilmez \u0431\u0438\u0440-Par\u00e7as\u0131 Olan bu Siyah Deri Ceket, Detaylar\u0131 VE zamans\u0131z Tasar\u0131m\u0131yla Dikkat \u00e7ekiyor. \u0415\u0441\u043b\u0438 \u0432\u044b \u0432\u044b\u0431\u0440\u0430\u043b\u0438 \u043c\u043e\u0434\u0435\u043b\u044c, \u043a\u043e\u0442\u043e\u0440\u0443\u044e \u0432\u044b \u0445\u043e\u0442\u0438\u0442\u0435 \u0438\u0441\u043f\u043e\u043b\u044c\u0437\u043e\u0432\u0430\u0442\u044c, \u0441\u0442\u0438\u043b\u0438\u0437\u0443\u0439\u0442\u0435 \u0435\u0435, \u0447\u0442\u043e\u0431\u044b \u043f\u043e\u043b\u0443\u0447\u0438\u0442\u044c \u043a\u0430\u0442\u043c\u0430\u043a \u0432 \u0432\u0430\u0448\u0435\u0439 \u0441\u0442\u0440\u0430\u043d\u0435.<\/span><\/span><\/span><\/span><\/p>\n<p><span style=\"vertical-align: inherit;\"><span style=\"vertical-align: inherit;\"><span style=\"vertical-align: inherit;\"><span style=\"vertical-align: inherit;\">\u0413\u0435\u0440\u0447\u0435\u043a \u0434\u0435\u0440\u0438 \u043a\u0430\u043b\u0438\u0442\u0435\u0441\u0438: Yumu\u015fak dokusu ve dayan\u0131kl\u0131 yap\u0131s\u0131yla uzun \u00f6m\u00fcrl\u00fc kullan\u0131m<\/span><\/span><\/span><\/span><\/p>\n<p><span style=\"vertical-align: inherit;\"><span style=\"vertical-align: inherit;\"><span style=\"vertical-align: inherit;\"><span style=\"vertical-align: inherit;\">\u0421\u043e\u0432\u0440\u0435\u043c\u0435\u043d\u043d\u044b\u0439 \u043e\u0431\u0440\u0430\u0437: V\u00fccuda oturan slim fit yap\u0131s\u0131yla Maske\u00fclen Bir Durma<\/span><\/span><\/span><\/span><\/p>\n<p><span style=\"vertical-align: inherit;\"><span style=\"vertical-align: inherit;\"><span style=\"vertical-align: inherit;\"><span style=\"vertical-align: inherit;\">\u041e\u0442\u0432\u0435\u0442 \u043d\u0430 \u0432\u043e\u043f\u0440\u043e\u0441: Hem \u015f\u0131k hem de fonksiyonel<\/span><\/span><\/span><\/span><\/p>\n<p><span style=\"vertical-align: inherit;\"><span style=\"vertical-align: inherit;\"><span style=\"vertical-align: inherit;\"><span style=\"vertical-align: inherit;\">\u042f \u0445\u043e\u0447\u0443 \u0441\u043a\u0430\u0437\u0430\u0442\u044c: Serin havalarda maximum konfor sa\u011flar<\/span><\/span><\/span><\/span><\/p>\n<p><span style=\"vertical-align: inherit;\"><span style=\"vertical-align: inherit;\"><span style=\"vertical-align: inherit;\"><span style=\"vertical-align: inherit;\">\u0415\u0441\u043b\u0438 \u0434\u0438\u043d\u0430\u043c\u0438\u043a\u0430 \u043f\u0430\u043d\u0435\u043b\u0438 \u0431\u0443\u0434\u0435\u0442 \u043f\u043b\u0430\u0432\u043d\u043e\u0439, \u043a\u043b\u0430\u0441\u0441\u0438\u0447\u0435\u0441\u043a\u0430\u044f \u043f\u0430\u043d\u0435\u043b\u044c \u0443\u043f\u0440\u0430\u0432\u043b\u0435\u043d\u0438\u044f \u0438 \u0434\u0440\u0443\u0433\u0438\u0435 \u044d\u043b\u0435\u043c\u0435\u043d\u0442\u044b \u0443\u043f\u0440\u0430\u0432\u043b\u0435\u043d\u0438\u044f \u0431\u0443\u0434\u0443\u0442 \u0440\u0430\u0431\u043e\u0442\u0430\u0442\u044c \u0432 \u0440\u0435\u0436\u0438\u043c\u0435 \u0440\u0435\u0430\u043b\u044c\u043d\u043e\u0433\u043e \u0432\u0440\u0435\u043c\u0435\u043d\u0438. \u0428\u0435\u0445\u0438\u0440\u043b\u0438 \u0410\u0434\u0430\u043c\u0438\u043d \u0413\u044e\u0447\u043b\u044e \u0425\u0430\u043b\u0430 \u0431\u0443 \u0427\u0435\u043a\u0435\u0442\u0438 \u0442\u0430\u043c\u0430\u043c\u043b\u0430\u043d\u0438\u0439\u043e\u0440.<\/span><\/span><\/span><\/span><\/p>","protected":false},"featured_media":49283,"template":"","meta":[],"product_brand":[],"product_cat":[73],"product_tag":[],"class_list":{"0":"post-48905","1":"product","2":"type-product","3":"status-publish","4":"has-post-thumbnail","6":"product_cat-coat","8":"first","9":"instock","10":"product-type-simple"},"_links":{"self":[{"href":"https:\/\/www.climberbc.com\/ru\/wp-json\/wp\/v2\/product\/48905","targetHints":{"allow":["GET"]}}],"collection":[{"href":"https:\/\/www.climberbc.com\/ru\/wp-json\/wp\/v2\/product"}],"about":[{"href":"https:\/\/www.climberbc.com\/ru\/wp-json\/wp\/v2\/types\/product"}],"version-history":[{"count":0,"href":"https:\/\/www.climberbc.com\/ru\/wp-json\/wp\/v2\/product\/48905\/revisions"}],"wp:featuredmedia":[{"embeddable":true,"href":"https:\/\/www.climberbc.com\/ru\/wp-json\/wp\/v2\/media\/49283"}],"wp:attachment":[{"href":"https:\/\/www.climberbc.com\/ru\/wp-json\/wp\/v2\/media?parent=48905"}],"wp:term":[{"taxonomy":"product_brand","embeddable":true,"href":"https:\/\/www.climberbc.com\/ru\/wp-json\/wp\/v2\/product_brand?post=48905"},{"taxonomy":"product_cat","embeddable":true,"href":"https:\/\/www.climberbc.com\/ru\/wp-json\/wp\/v2\/product_cat?post=48905"},{"taxonomy":"product_tag","embeddable":true,"href":"https:\/\/www.climberbc.com\/ru\/wp-json\/wp\/v2\/product_tag?post=48905"}],"curies":[{"name":"WP","href":"https:\/\/api.w.org\/{rel}","templated":true}]}}